{"id":1435,"date":"2024-12-08T20:17:55","date_gmt":"2024-12-08T19:17:55","guid":{"rendered":"https:\/\/atelierzav.it\/prodotto\/artist-trays-claudio-troncone-2\/"},"modified":"2025-01-28T12:19:35","modified_gmt":"2025-01-28T11:19:35","slug":"artist-trays-claudio-troncone-2","status":"publish","type":"product","link":"https:\/\/atelierzav.it\/en\/prodotto\/artist-trays-claudio-troncone-2\/","title":{"rendered":"ARTIST TRAYS &#8211; CLAUDIO TRONCONE #2"},"content":{"rendered":"<p>Atelier Zav in collaboration with artist Claudio Troncone has created a unique series of 3 hand-decorated wooden trays.<br \/>\nContained in an elegant wooden box.<br \/>\nColors: artist drawing<br \/>\nDimensions: \u00d8 36 cm, \u00d8 47,5 cm , \u00d8 58 cm<br \/>\nMade in Italy <\/p>\n","protected":false},"excerpt":{"rendered":"<p>Atelier Zav in collaboration with Claudio Troncone has created a limited and numbered series of trays.<\/p>\n","protected":false},"featured_media":460,"template":"","meta":{"_acf_changed":false},"product_brand":[],"product_cat":[118],"product_tag":[],"class_list":{"0":"post-1435","1":"product","2":"type-product","3":"status-publish","4":"has-post-thumbnail","6":"product_cat-decorative-items","8":"first","9":"instock","10":"shipping-taxable","11":"purchasable","12":"product-type-simple"},"acf":[],"_links":{"self":[{"href":"https:\/\/atelierzav.it\/en\/wp-json\/wp\/v2\/product\/1435","targetHints":{"allow":["GET"]}}],"collection":[{"href":"https:\/\/atelierzav.it\/en\/wp-json\/wp\/v2\/product"}],"about":[{"href":"https:\/\/atelierzav.it\/en\/wp-json\/wp\/v2\/types\/product"}],"wp:featuredmedia":[{"embeddable":true,"href":"https:\/\/atelierzav.it\/en\/wp-json\/wp\/v2\/media\/460"}],"wp:attachment":[{"href":"https:\/\/atelierzav.it\/en\/wp-json\/wp\/v2\/media?parent=1435"}],"wp:term":[{"taxonomy":"product_brand","embeddable":true,"href":"https:\/\/atelierzav.it\/en\/wp-json\/wp\/v2\/product_brand?post=1435"},{"taxonomy":"product_cat","embeddable":true,"href":"https:\/\/atelierzav.it\/en\/wp-json\/wp\/v2\/product_cat?post=1435"},{"taxonomy":"product_tag","embeddable":true,"href":"https:\/\/atelierzav.it\/en\/wp-json\/wp\/v2\/product_tag?post=1435"}],"curies":[{"name":"wp","href":"https:\/\/api.w.org\/{rel}","templated":true}]}}