{"id":1442,"date":"2024-12-05T18:21:27","date_gmt":"2024-12-05T17:21:27","guid":{"rendered":"https:\/\/atelierzav.it\/prodotto\/artist-trays-tiziano-finazzi\/"},"modified":"2025-01-28T12:19:54","modified_gmt":"2025-01-28T11:19:54","slug":"artist-trays-tiziano-finazzi","status":"publish","type":"product","link":"https:\/\/atelierzav.it\/en\/prodotto\/artist-trays-tiziano-finazzi\/","title":{"rendered":"ARTIST TRAYS &#8211; TIZIANO FINAZZI"},"content":{"rendered":"<p>Atelier Zav in collaboration with artist Tiziano Finazzi has created a unique series of 3 hand-decorated wooden trays. Contained in an elegant wooden box.<\/p>\n<p>Colors: artist drawing<\/p>\n<p>Dimensions: \u00d8 36 cm, \u00d8 47,5 cm, \u00d8 58 cm<\/p>\n<p>Made in Italy<\/p>\n","protected":false},"excerpt":{"rendered":"<p>Atelier Zav in collaboration with artist Tiziano Finazzi has created a unique series of 3 hand-decorated wooden trays.<\/p>\n","protected":false},"featured_media":424,"template":"","meta":{"_acf_changed":false},"product_brand":[],"product_cat":[118],"product_tag":[],"class_list":{"0":"post-1442","1":"product","2":"type-product","3":"status-publish","4":"has-post-thumbnail","6":"product_cat-decorative-items","8":"first","9":"instock","10":"shipping-taxable","11":"purchasable","12":"product-type-simple"},"acf":[],"_links":{"self":[{"href":"https:\/\/atelierzav.it\/en\/wp-json\/wp\/v2\/product\/1442","targetHints":{"allow":["GET"]}}],"collection":[{"href":"https:\/\/atelierzav.it\/en\/wp-json\/wp\/v2\/product"}],"about":[{"href":"https:\/\/atelierzav.it\/en\/wp-json\/wp\/v2\/types\/product"}],"wp:featuredmedia":[{"embeddable":true,"href":"https:\/\/atelierzav.it\/en\/wp-json\/wp\/v2\/media\/424"}],"wp:attachment":[{"href":"https:\/\/atelierzav.it\/en\/wp-json\/wp\/v2\/media?parent=1442"}],"wp:term":[{"taxonomy":"product_brand","embeddable":true,"href":"https:\/\/atelierzav.it\/en\/wp-json\/wp\/v2\/product_brand?post=1442"},{"taxonomy":"product_cat","embeddable":true,"href":"https:\/\/atelierzav.it\/en\/wp-json\/wp\/v2\/product_cat?post=1442"},{"taxonomy":"product_tag","embeddable":true,"href":"https:\/\/atelierzav.it\/en\/wp-json\/wp\/v2\/product_tag?post=1442"}],"curies":[{"name":"wp","href":"https:\/\/api.w.org\/{rel}","templated":true}]}}