{"id":1443,"date":"2024-12-05T18:10:31","date_gmt":"2024-12-05T17:10:31","guid":{"rendered":"https:\/\/atelierzav.it\/prodotto\/artist-trays-plumcake\/"},"modified":"2025-01-28T12:20:32","modified_gmt":"2025-01-28T11:20:32","slug":"artist-trays-plumcake","status":"publish","type":"product","link":"https:\/\/atelierzav.it\/en\/prodotto\/artist-trays-plumcake\/","title":{"rendered":"ARTIST TRAYS &#8211; PLUMCAKE"},"content":{"rendered":"<p>Atelier ZAV in collaboration with Plumcake artists has created a unique series of 3 hand-decorated wooden trays.<br \/>\nContained in an elegant wooden box.<br \/>\nColors: artist drawing<br \/>\nDimensions: \u00d8 36 cm , \u00d8 47,5 cm, \u00d8 58 cm<br \/>\nMade in Italy <\/p>\n","protected":false},"excerpt":{"rendered":"<p>Atelier ZAV in collaboration with Plumcake artists has created a unique series of 3 hand-decorated wooden trays.<\/p>\n","protected":false},"featured_media":463,"template":"","meta":{"_acf_changed":false},"product_brand":[],"product_cat":[118],"product_tag":[],"class_list":{"0":"post-1443","1":"product","2":"type-product","3":"status-publish","4":"has-post-thumbnail","6":"product_cat-decorative-items","8":"first","9":"instock","10":"shipping-taxable","11":"purchasable","12":"product-type-simple"},"acf":[],"_links":{"self":[{"href":"https:\/\/atelierzav.it\/en\/wp-json\/wp\/v2\/product\/1443","targetHints":{"allow":["GET"]}}],"collection":[{"href":"https:\/\/atelierzav.it\/en\/wp-json\/wp\/v2\/product"}],"about":[{"href":"https:\/\/atelierzav.it\/en\/wp-json\/wp\/v2\/types\/product"}],"wp:featuredmedia":[{"embeddable":true,"href":"https:\/\/atelierzav.it\/en\/wp-json\/wp\/v2\/media\/463"}],"wp:attachment":[{"href":"https:\/\/atelierzav.it\/en\/wp-json\/wp\/v2\/media?parent=1443"}],"wp:term":[{"taxonomy":"product_brand","embeddable":true,"href":"https:\/\/atelierzav.it\/en\/wp-json\/wp\/v2\/product_brand?post=1443"},{"taxonomy":"product_cat","embeddable":true,"href":"https:\/\/atelierzav.it\/en\/wp-json\/wp\/v2\/product_cat?post=1443"},{"taxonomy":"product_tag","embeddable":true,"href":"https:\/\/atelierzav.it\/en\/wp-json\/wp\/v2\/product_tag?post=1443"}],"curies":[{"name":"wp","href":"https:\/\/api.w.org\/{rel}","templated":true}]}}