{"id":1445,"date":"2024-12-05T11:40:05","date_gmt":"2024-12-05T10:40:05","guid":{"rendered":"https:\/\/atelierzav.it\/prodotto\/lacquered-trays\/"},"modified":"2025-01-28T12:21:08","modified_gmt":"2025-01-28T11:21:08","slug":"lacquered-trays","status":"publish","type":"product","link":"https:\/\/atelierzav.it\/en\/prodotto\/lacquered-trays\/","title":{"rendered":"LACQUERED TRAYS."},"content":{"rendered":"<p>Set consisting of 3 glossy lacquered wooden trays, contained in an elegant wooden box. Perfect as table accessories, thanks to their versatility and elegance they can also be used as refined living room decoration elements.<\/p>\n<p>Colors: cream, pure white, blue, burgundy, olive brown<\/p>\n<p>Dimensions: \u00d8 58 cm, \u00d8 47 cm, \u00d8 36 cm<\/p>\n<p>Made in Italy<\/p>\n","protected":false},"excerpt":{"rendered":"<p>Set consisting of 3 glossy lacquered wooden trays contained in an elegant wooden box.<\/p>\n","protected":false},"featured_media":609,"template":"","meta":{"_acf_changed":false},"product_brand":[],"product_cat":[118],"product_tag":[],"class_list":{"0":"post-1445","1":"product","2":"type-product","3":"status-publish","4":"has-post-thumbnail","6":"product_cat-decorative-items","8":"first","9":"instock","10":"shipping-taxable","11":"purchasable","12":"product-type-variable"},"acf":[],"_links":{"self":[{"href":"https:\/\/atelierzav.it\/en\/wp-json\/wp\/v2\/product\/1445","targetHints":{"allow":["GET"]}}],"collection":[{"href":"https:\/\/atelierzav.it\/en\/wp-json\/wp\/v2\/product"}],"about":[{"href":"https:\/\/atelierzav.it\/en\/wp-json\/wp\/v2\/types\/product"}],"wp:featuredmedia":[{"embeddable":true,"href":"https:\/\/atelierzav.it\/en\/wp-json\/wp\/v2\/media\/609"}],"wp:attachment":[{"href":"https:\/\/atelierzav.it\/en\/wp-json\/wp\/v2\/media?parent=1445"}],"wp:term":[{"taxonomy":"product_brand","embeddable":true,"href":"https:\/\/atelierzav.it\/en\/wp-json\/wp\/v2\/product_brand?post=1445"},{"taxonomy":"product_cat","embeddable":true,"href":"https:\/\/atelierzav.it\/en\/wp-json\/wp\/v2\/product_cat?post=1445"},{"taxonomy":"product_tag","embeddable":true,"href":"https:\/\/atelierzav.it\/en\/wp-json\/wp\/v2\/product_tag?post=1445"}],"curies":[{"name":"wp","href":"https:\/\/api.w.org\/{rel}","templated":true}]}}